{"id":648,"date":"2021-12-27T18:17:47","date_gmt":"2021-12-27T17:17:47","guid":{"rendered":"https:\/\/christmas-star.info\/?page_id=648"},"modified":"2024-07-19T14:50:59","modified_gmt":"2024-07-19T11:50:59","slug":"trade","status":"publish","type":"page","link":"https:\/\/sfe-trade.com\/bg\/","title":{"rendered":"\u0422\u044a\u0440\u0433\u043e\u0432\u0446\u0438"},"content":{"rendered":"<div class=\"wpb-content-wrapper\"><p>[vc_row][vc_column][vc_custom_heading text=&#8220;\u0412\u044a\u0437\u043c\u043e\u0436\u043d\u043e\u0441\u0442\u0438 \u0437\u0430 \u0432\u0441\u0438\u0447\u043a\u0438 \u0441\u0435\u043a\u0442\u043e\u0440\u0438 \u0432 \u0438\u043d\u0434\u0443\u0441\u0442\u0440\u0438\u044f\u0442\u0430&#8220; font_container=&#8220;tag:h2|text_align:center&#8220; use_theme_fonts=&#8220;yes&#8220; el_class=&#8220;pfe-small2&#8243; el_id=&#8220;\u0432\u044a\u0437\u043c\u043e\u0436\u043d\u043e\u0441\u0442\u0438\u0442\u0435&#8220;][\/vc_column][\/vc_row][vc_row][vc_column][vc_column_text]<\/p>\n<p style=\"text-align: center\">\u0412 Stars for Europe \u043d\u0438\u0435 \u0441\u0435 \u043e\u0431\u0440\u044a\u0449\u0430\u043c\u0435 \u0434\u0438\u0440\u0435\u043a\u0442\u043d\u043e \u043a\u044a\u043c \u0432\u0430\u0448\u0438\u0442\u0435 \u043a\u0440\u0430\u0439\u043d\u0438 \u043a\u043b\u0438\u0435\u043d\u0442\u0438, \u043a\u0430\u0442\u043e \u043f\u043e\u043f\u0443\u043b\u044f\u0440\u0438\u0437\u0438\u0440\u0430\u043c\u0435 \u043c\u043d\u043e\u0433\u043e\u0431\u0440\u043e\u0439\u043d\u0438\u0442\u0435 \u043f\u0440\u0435\u0434\u0438\u043c\u0441\u0442\u0432\u0430 \u043d\u0430 \u043f\u043e\u0438\u043d\u0441\u0435\u0442\u0438\u044f\u0442\u0430 \u0447\u0440\u0435\u0437 \u043d\u0430\u0448\u0430\u0442\u0430 \u043c\u0430\u0449\u0430\u0431\u043d\u0430 \u043a\u0430\u043c\u043f\u0430\u043d\u0438\u044f \u0437\u0430 \u043f\u043e\u043f\u0443\u043b\u044f\u0440\u0438\u0437\u0438\u0440\u0430\u043d\u0435 \u0441\u0440\u0435\u0434 \u043f\u043e\u0442\u0440\u0435\u0431\u0438\u0442\u0435\u043b\u0438\u0442\u0435.<\/p>\n<p style=\"text-align: center\">\u041f\u043e \u0442\u043e\u0437\u0438 \u043d\u0430\u0447\u0438\u043d \u043d\u0435\u043f\u0440\u0435\u043a\u044a\u0441\u043d\u0430\u0442\u043e \u0432\u0434\u044a\u0445\u043d\u043e\u0432\u044f\u0432\u0430\u043c\u0435 \u043d\u043e\u0432\u0438 \u0430\u0443\u0434\u0438\u0442\u043e\u0440\u0438\u0438, \u043a\u0430\u0442\u043e \u043e\u0441\u0438\u0433\u0443\u0440\u044f\u0432\u0430\u043c\u0435 \u0434\u044a\u043b\u0433\u043e\u0441\u0440\u043e\u0447\u043d\u0438 \u043f\u0440\u043e\u0434\u0430\u0436\u0431\u0438 \u043d\u0430 \u043f\u043e\u0438\u043d\u0441\u0435\u0442\u0438\u044f\u0442\u0430 \u0432 \u0431\u044a\u0434\u0435\u0449\u0435.<\/p>\n<p style=\"text-align: center\">\u0422\u0443\u043a \u0449\u0435 \u043d\u0430\u043c\u0435\u0440\u0438\u0442\u0435 \u0438 \u0431\u043e\u0433\u0430\u0442\u0430 \u0438\u043d\u0444\u043e\u0440\u043c\u0430\u0446\u0438\u044f, \u043a\u043e\u044f\u0442\u043e \u0434\u0430 \u043f\u043e\u0434\u043f\u043e\u043c\u0430\u0433\u0430 \u043f\u0440\u044f\u043a\u043e \u0432\u0430\u0448\u0438\u044f \u0431\u0438\u0437\u043d\u0435\u0441 &#8211; \u043e\u0442 \u043f\u043e\u0434\u043e\u0431\u0440\u0435\u043d\u0438\u044f \u043d\u0430 \u043f\u0440\u043e\u0434\u0443\u043a\u0442\u0438\u0442\u0435 \u0434\u043e \u0441\u044a\u0432\u0435\u0442\u0438 \u0437\u0430 \u043e\u043f\u0442\u0438\u043c\u0438\u0437\u0438\u0440\u0430\u043d\u0435 \u043d\u0430 \u043f\u0440\u043e\u0434\u0430\u0436\u0431\u0438\u0442\u0435, \u0437\u0430 \u0442\u044a\u0440\u0433\u043e\u0432\u0441\u043a\u0430 \u0433\u0440\u0438\u0436\u0430, \u043a\u0430\u043a\u0442\u043e \u0438 \u043c\u0430\u0442\u0435\u0440\u0438\u0430\u043b\u0438 \u0437\u0430 \u0442\u044a\u0440\u0433\u043e\u0432\u0441\u043a\u0438\u0442\u0435 \u043e\u0431\u0435\u043a\u0442\u0438, \u0434\u0438\u0433\u0438\u0442\u0430\u043b\u043d\u0438 \u0438\u043d\u0441\u0442\u0440\u0443\u043c\u0435\u043d\u0442\u0438 \u0438 \u0440\u0435\u0441\u0443\u0440\u0441\u0438 \u0437\u0430 \u0432\u0430\u0448\u0438\u044f \u043c\u0430\u0440\u043a\u0435\u0442\u0438\u043d\u0433.<\/p>\n<p style=\"text-align: center\">\u0420\u0430\u0437\u0431\u0435\u0440\u0435\u0442\u0435 \u043a\u0430\u043a \u043c\u043e\u0436\u0435\u043c \u0434\u0430 \u0432\u0438 \u043f\u043e\u0434\u043a\u0440\u0435\u043f\u0438\u043c \u0438 \u0434\u0430 \u0440\u0430\u0437\u0448\u0438\u0440\u0438\u043c \u0432\u044a\u0437\u043c\u043e\u0436\u043d\u043e\u0441\u0442\u0438\u0442\u0435 \u0432\u0438 \u0437\u0430 \u043f\u043e\u043f\u0443\u043b\u044f\u0440\u0438\u0437\u0438\u0440\u0430\u043d\u0435 \u043d\u0430 \u043f\u043e\u0438\u043d\u0441\u0435\u0442\u0438\u044f\u0442\u0430. \u0412\u043a\u043b\u044e\u0447\u0435\u0442\u0435 \u0441\u0435 \u0438 \u0441\u0435 \u0437\u0430\u043f\u043e\u0437\u043d\u0430\u0439\u0442\u0435 \u0441 \u043f\u0440\u043e\u0435\u043a\u0442\u0430.<\/p>\n<p>[\/vc_column_text][\/vc_column][\/vc_row][vc_row][vc_column][vc_column_text][\/vc_column_text][\/vc_column][\/vc_row][vc_row gap=&#8220;30&#8243;][vc_column width=&#8220;1\/3&#8243;][vc_single_image image=&#8220;5144&#8243; img_size=&#8220;full&#8220;][vc_custom_heading text=&#8220;\u041e\u0442\u0433\u043b\u0435\u0436\u0434\u0430\u0442\u0435 \u043f\u043e\u0438\u043d\u0441\u0435\u0442\u0438\u0438?&#8220; font_container=&#8220;tag:h3|text_align:left&#8220; use_theme_fonts=&#8220;yes&#8220; el_class=&#8220;pfe-small&#8220;][vc_column_text]\u041a\u0430\u0442\u043e \u043f\u0440\u043e\u0438\u0437\u0432\u043e\u0434\u0438\u0442\u0435\u043b \u0432\u0438\u0435 \u0441\u0442\u0435 \u0433\u0440\u044a\u0431\u043d\u0430\u043a\u044a\u0442 \u043d\u0430 \u043a\u0430\u043c\u043f\u0430\u043d\u0438\u044f\u0442\u0430 \u043d\u0430 SfE: \u0432\u0441\u0438\u0447\u043a\u043e, \u043a\u043e\u0435\u0442\u043e \u043f\u0440\u0430\u0432\u0438\u043c, \u0435 \u0441 \u0446\u0435\u043b \u0443\u0432\u0435\u043b\u0438\u0447\u0430\u0432\u0430\u043d\u0435 \u043d\u0430 \u043f\u0440\u043e\u0434\u0430\u0436\u0431\u0438\u0442\u0435 \u0432\u0438 \u0447\u0440\u0435\u0437 B2C \u0438 B2B \u043c\u0430\u0440\u043a\u0435\u0442\u0438\u043d\u0433. \u0422\u0443\u043a \u0449\u0435 \u043d\u0430\u043c\u0435\u0440\u0438\u0442\u0435 \u043d\u044f\u043a\u043e\u0438 \u043e\u0442 \u0434\u043e\u043f\u044a\u043b\u043d\u0438\u0442\u0435\u043b\u043d\u0438\u0442\u0435 \u043d\u0430\u0447\u0438\u043d\u0438, \u043f\u043e \u043a\u043e\u0438\u0442\u043e \u043c\u043e\u0436\u0435\u0442\u0435 \u0434\u0430 \u0441\u0435 \u0432\u044a\u0437\u043f\u043e\u043b\u0437\u0432\u0430\u0442\u0435.[\/vc_column_text][vc_column_text]<a href=\"\/bg\/\u043f\u0440\u043e\u0438\u0437\u0432\u043e\u0434\u0438\u0442\u0435\u043b\u0438\/\">\u0412\u044a\u0437\u043c\u043e\u0436\u043d\u043e\u0441\u0442\u0438 \u0437\u0430 \u043f\u0440\u043e\u0438\u0437\u0432\u043e\u0434\u0438\u0442\u0435\u043b\u0438\u0442\u0435 &gt;&gt;<\/a>[\/vc_column_text][\/vc_column][vc_column width=&#8220;1\/3&#8243;][vc_single_image image=&#8220;5145&#8243; img_size=&#8220;full&#8220;][vc_custom_heading text=&#8220;\u041f\u0440\u043e\u0434\u0430\u0432\u0430\u0442\u0435 \u043f\u043e\u0438\u043d\u0441\u0435\u0442\u0438\u0438?&#8220; font_container=&#8220;tag:h3|text_align:left&#8220; use_theme_fonts=&#8220;yes&#8220; el_class=&#8220;pfe-small&#8220;][vc_column_text]\u0426\u0435\u043b\u0442\u0430 \u043d\u0438 \u0435 \u0434\u0430 \u043d\u0430\u0441\u044a\u0440\u0447\u0438\u043c \u043f\u043e\u0432\u0435\u0447\u0435 \u043f\u043e\u0442\u0440\u0435\u0431\u0438\u0442\u0435\u043b\u0438 \u0434\u0430 \u0441\u0435 \u0432\u043b\u044e\u0431\u044f\u0442 \u0432 \u043f\u043e\u0438\u043d\u0441\u0435\u0442\u0438\u044f\u0442\u0430 \u0438 \u0434\u0430 \u043a\u0443\u043f\u0443\u0432\u0430\u0442 \u043a\u043e\u043b\u043a\u043e\u0442\u043e \u0441\u0435 \u043c\u043e\u0436\u0435 \u043f\u043e\u0432\u0435\u0447\u0435 \u0432\u0441\u044f\u043a\u0430 \u0433\u043e\u0434\u0438\u043d\u0430. \u041f\u0440\u0435\u0434\u043b\u0430\u0433\u0430\u043c\u0435 \u0440\u0435\u0434\u0438\u0446\u0430 \u0431\u0435\u0437\u043f\u043b\u0430\u0442\u043d\u0438 \u043c\u0430\u0440\u043a\u0435\u0442\u0438\u043d\u0433\u043e\u0432\u0438 \u043c\u0430\u0442\u0435\u0440\u0438\u0430\u043b\u0438 \u0438 \u0440\u0435\u0441\u0443\u0440\u0441\u0438, \u043a\u043e\u0438\u0442\u043e \u0434\u0430 \u0432\u0438 \u043f\u043e\u043c\u043e\u0433\u043d\u0430\u0442 \u0434\u0430 \u0443\u0432\u0435\u043b\u0438\u0447\u0438\u0442\u0435 \u043f\u0440\u043e\u0434\u0430\u0436\u0431\u0438\u0442\u0435 \u0441\u0438.[\/vc_column_text][vc_column_text]<a href=\"\/bg\/\u0442\u044a\u0440\u0433\u043e\u0432\u0446\u0438-\u043d\u0430-\u0434\u0440\u0435\u0431\u043d\u043e\/\">\u0412\u044a\u0437\u043c\u043e\u0436\u043d\u043e\u0441\u0442\u0438 \u0437\u0430 \u0442\u044a\u0440\u0433\u043e\u0432\u0446\u0438\u0442\u0435 \u043d\u0430 \u0434\u0440\u0435\u0431\u043d\u043e &gt;&gt;<\/a>[\/vc_column_text][\/vc_column][vc_column width=&#8220;1\/3&#8243;][vc_single_image image=&#8220;5146&#8243; img_size=&#8220;full&#8220;][vc_custom_heading text=&#8220;\u0422\u044a\u0440\u0441\u0438\u0442\u0435 \u0438\u043d\u0444\u043e\u0440\u043c\u0430\u0446\u0438\u044f \u0437\u0430 \u043f\u0440\u0435\u0441\u0430\u0442\u0430?&#8220; font_container=&#8220;tag:h3|text_align:left&#8220; use_theme_fonts=&#8220;yes&#8220; el_class=&#8220;pfe-small&#8220;][vc_column_text]\u0410\u043a\u043e \u0441\u0442\u0435 \u0436\u0443\u0440\u043d\u0430\u043b\u0438\u0441\u0442 \u043e\u0442 \u0441\u043f\u0435\u0446\u0438\u0430\u043b\u0438\u0437\u0438\u0440\u0430\u043d\u0430 \u043c\u0435\u0434\u0438\u0430 \u0438 \u0442\u044a\u0440\u0441\u0438\u0442\u0435 \u0430\u043a\u0442\u0443\u0430\u043b\u043d\u0438 \u043d\u043e\u0432\u0438\u043d\u0438, \u0441\u044a\u043e\u0431\u0449\u0435\u043d\u0438\u044f \u0437\u0430 \u043f\u0440\u0435\u0441\u0430\u0442\u0430 \u0438 \u0441\u043d\u0438\u043c\u043a\u0438 \u0431\u0435\u0437 \u0437\u0430\u043f\u043b\u0430\u0449\u0430\u043d\u0435 \u043d\u0430 \u0430\u0432\u0442\u043e\u0440\u0441\u043a\u0438 \u043f\u0440\u0430\u0432\u0430, \u0441\u0442\u0435 \u043f\u043e\u043f\u0430\u0434\u043d\u0430\u043b\u0438 \u043d\u0430 \u043f\u0440\u0430\u0432\u0438\u043b\u043d\u043e\u0442\u043e \u043c\u044f\u0441\u0442\u043e. \u0412\u0438\u043d\u0430\u0433\u0438 \u0435 \u0440\u0430\u0434\u0432\u0430\u043c\u0435 \u0434\u0430 \u0432\u0438 \u043f\u043e\u0434\u043a\u0440\u0435\u043f\u0438\u043c \u0441\u044a\u0441 \u0441\u044a\u0434\u044a\u0440\u0436\u0430\u043d\u0438\u0435, \u0441\u043d\u0438\u043c\u043a\u0438 \u0438 \u0434\u0440.[\/vc_column_text][vc_column_text]<a href=\"\/bg\/\u0442\u044a\u0440\u0433\u043e\u0432\u0441\u043a\u0438-\u043d\u043e\u0432\u0438\u043d\u0438\/\">\u041f\u0440\u0435\u0441\u0441\u044a\u043e\u0431\u0449\u0435\u043d\u0438\u044f &gt;&gt;<\/a>[\/vc_column_text][\/vc_column][\/vc_row][vc_row][vc_column][vc_column_text][\/vc_column_text][\/vc_column][\/vc_row][vc_row el_class=&#8220;pfe-greenborderbox&#8220;][vc_column width=&#8220;2\/3&#8243;][vc_single_image image=&#8220;5154&#8243; img_size=&#8220;full&#8220;][\/vc_column][vc_column width=&#8220;1\/3&#8243;][vc_custom_heading text=&#8220;\u0412\u0438\u0435 \u0441\u0442\u0435 \u0441\u0435\u043b\u0435\u043a\u0446\u0438\u043e\u043d\u0435\u0440?&#8220; use_theme_fonts=&#8220;yes&#8220; el_class=&#8220;pfe-small&#8220;][vc_column_text]\u0410\u043a\u043e \u043f\u0440\u0435\u0434\u0441\u0442\u0430\u0432\u043b\u044f\u0432\u0430\u0442\u0435 \u043a\u043e\u043c\u043f\u0430\u043d\u0438\u044f \u0437\u0430 \u0440\u0430\u0437\u0432\u044a\u0436\u0434\u0430\u043d\u0435 \u0438 \u0438\u0441\u043a\u0430\u0442\u0435 \u0434\u0430 \u0440\u0430\u0437\u0431\u0435\u0440\u0435\u0442\u0435 \u043a\u0430\u043a \u043f\u043e\u0434\u043a\u0440\u0435\u043f\u0430\u0442\u0430 \u0432\u0438 \u043c\u043e\u0436\u0435 \u0434\u0430 \u0431\u044a\u0434\u0435 \u043e\u0442 \u043f\u043e\u043b\u0437\u0430 \u0437\u0430 \u0432\u0430\u0448\u0438\u044f \u0431\u0438\u0437\u043d\u0435\u0441 \u0438 \u0437\u0430 \u0438\u043d\u0434\u0443\u0441\u0442\u0440\u0438\u044f\u0442\u0430 \u043a\u0430\u0442\u043e \u0446\u044f\u043b\u043e, \u0441\u0432\u044a\u0440\u0436\u0435\u0442\u0435 \u0441\u0435 \u0441 \u043d\u0430\u0441.<\/p>\n<p><strong>Dr. Susanne Lux, <\/strong><br \/>\n<strong>\u041c\u0435\u043d\u0438\u0434\u0436\u044a\u0440 \u043f\u0440\u043e\u0435\u043a\u0442\u0438,<\/strong><br \/>\n<strong>Telephone:<\/strong> + 49 2644 981333,<br \/>\n<strong>E-mail:<\/strong> <a href=\"mailto:susanne.lux@meclux.de\">susanne.lux@meclux.de<\/a>[\/vc_column_text][\/vc_column][\/vc_row][vc_row][vc_column][vc_empty_space height=&#8220;75px&#8220;][\/vc_column][\/vc_row][vc_row disable_element=&#8220;yes&#8220;][vc_column width=&#8220;1\/2&#8243;][vc_custom_heading text=&#8220;Wer steckt hinter Stars for Europe?&#8220; use_theme_fonts=&#8220;yes&#8220; el_class=&#8220;pfe-small&#8220;][vc_column_text]Stars for Europe (SfE) ist die Marketinginitiative der europ\u00e4ischen Weihnachtssternz\u00fcchter Beekenkamp Plants, D\u00fcmmen Orange, Selecta One, und Syngenta Flowers. Die Initiative wurde im Jahr 2000 mit dem Ziel gegr\u00fcndet, den Weihnachtsstern-Absatz in Europa zu f\u00f6rdern und langfristig zu sichern. Unter dem Dach von Green Marketing Europe (GME) leitet Dr. Susanne Lux die Stars for Europe-Kampagne mit einem Team von engagierten Mitarbeitern und Freiberuflern. Mit einem Netzwerk von Agenturen und Freiberuflern produziert SfE Materialien und f\u00fchrt Kampagnen in 22 europ\u00e4ischen L\u00e4ndern durch.[\/vc_column_text][\/vc_column][vc_column width=&#8220;1\/2&#8243;][vc_single_image image=&#8220;3754&#8243; img_size=&#8220;full&#8220;][\/vc_column][\/vc_row][vc_row][vc_column][vc_empty_space height=&#8220;75px&#8220;][\/vc_column][\/vc_row][vc_row][vc_column][vc_single_image image=&#8220;7230&#8243; img_size=&#8220;full&#8220; alignment=&#8220;center&#8220;][\/vc_column][\/vc_row]<\/p><\/div><div class=\"acf-fields-container\" data-post-id=\"648\" data-canto-acf=\"true\"><\/div><style>\r\n        .acf-fields-container {\r\n            margin: 2em 0;\r\n            width: 100%;\r\n            clear: both;\r\n        }\r\n        .acf-field-image {\r\n            margin: 1.5em 0;\r\n            position: relative;\r\n        }\r\n        .acf-field-label {\r\n            margin-bottom: 1em;\r\n        }\r\n        .acf-image {\r\n            max-width: 100%;\r\n            height: auto;\r\n            display: block;\r\n            margin: 1em 0;\r\n        }\r\n    <\/style>","protected":false},"excerpt":{"rendered":"<p>[vc_row][vc_column][vc_custom_heading text=&#8220;\u0412\u044a\u0437\u043c\u043e\u0436\u043d\u043e\u0441\u0442\u0438 \u0437\u0430 \u0432\u0441\u0438\u0447\u043a\u0438 \u0441\u0435\u043a\u0442\u043e\u0440\u0438 \u0432 \u0438\u043d\u0434\u0443\u0441\u0442\u0440\u0438\u044f\u0442\u0430&#8220; font_container=&#8220;tag:h2|text_align:center&#8220; use_theme_fonts=&#8220;yes&#8220; el_class=&#8220;pfe-small2&#8243; el_id=&#8220;\u0432\u044a\u0437\u043c\u043e\u0436\u043d\u043e\u0441\u0442\u0438\u0442\u0435&#8220;][\/vc_column][\/vc_row][vc_row][vc_column][vc_column_text] \u0412 Stars for Europe \u043d\u0438\u0435 \u0441\u0435 \u043e\u0431\u0440\u044a\u0449\u0430\u043c\u0435 \u0434\u0438\u0440\u0435\u043a\u0442\u043d\u043e \u043a\u044a\u043c \u0432\u0430\u0448\u0438\u0442\u0435 \u043a\u0440\u0430\u0439\u043d\u0438 \u043a\u043b\u0438\u0435\u043d\u0442\u0438, \u043a\u0430\u0442\u043e \u043f\u043e\u043f\u0443\u043b\u044f\u0440\u0438\u0437\u0438\u0440\u0430\u043c\u0435 \u043c\u043d\u043e\u0433\u043e\u0431\u0440\u043e\u0439\u043d\u0438\u0442\u0435 \u043f\u0440\u0435\u0434\u0438\u043c\u0441\u0442\u0432\u0430 \u043d\u0430 \u043f\u043e\u0438\u043d\u0441\u0435\u0442\u0438\u044f\u0442\u0430 \u0447\u0440\u0435\u0437 \u043d\u0430\u0448\u0430\u0442\u0430 \u043c\u0430\u0449\u0430\u0431\u043d\u0430 \u043a\u0430\u043c\u043f\u0430\u043d\u0438\u044f \u0437\u0430 \u043f\u043e\u043f\u0443\u043b\u044f\u0440\u0438\u0437\u0438\u0440\u0430\u043d\u0435 \u0441\u0440\u0435\u0434 \u043f\u043e\u0442\u0440\u0435\u0431\u0438\u0442\u0435\u043b\u0438\u0442\u0435. \u041f\u043e \u0442\u043e\u0437\u0438 \u043d\u0430\u0447\u0438\u043d \u043d\u0435\u043f\u0440\u0435\u043a\u044a\u0441\u043d\u0430\u0442\u043e \u0432\u0434\u044a\u0445\u043d\u043e\u0432\u044f\u0432\u0430\u043c\u0435 \u043d\u043e\u0432\u0438 \u0430\u0443\u0434\u0438\u0442\u043e\u0440\u0438\u0438, \u043a\u0430\u0442\u043e \u043e\u0441\u0438\u0433\u0443\u0440\u044f\u0432\u0430\u043c\u0435 \u0434\u044a\u043b\u0433\u043e\u0441\u0440\u043e\u0447\u043d\u0438 \u043f\u0440\u043e\u0434\u0430\u0436\u0431\u0438 \u043d\u0430 \u043f\u043e\u0438\u043d\u0441\u0435\u0442\u0438\u044f\u0442\u0430 \u0432 \u0431\u044a\u0434\u0435\u0449\u0435. \u0422\u0443\u043a \u0449\u0435 \u043d\u0430\u043c\u0435\u0440\u0438\u0442\u0435 [&hellip;]<\/p>\n","protected":false},"author":1,"featured_media":5142,"parent":0,"menu_order":0,"comment_status":"closed","ping_status":"closed","template":"template-parts\/sfe-trade.php","meta":{"_acf_changed":false,"footnotes":""},"class_list":["post-648","page","type-page","status-publish","has-post-thumbnail","hentry"],"acf":[],"_links":{"self":[{"href":"https:\/\/sfe-trade.com\/bg\/wp-json\/wp\/v2\/pages\/648","targetHints":{"allow":["GET"]}}],"collection":[{"href":"https:\/\/sfe-trade.com\/bg\/wp-json\/wp\/v2\/pages"}],"about":[{"href":"https:\/\/sfe-trade.com\/bg\/wp-json\/wp\/v2\/types\/page"}],"author":[{"embeddable":true,"href":"https:\/\/sfe-trade.com\/bg\/wp-json\/wp\/v2\/users\/1"}],"replies":[{"embeddable":true,"href":"https:\/\/sfe-trade.com\/bg\/wp-json\/wp\/v2\/comments?post=648"}],"version-history":[{"count":215,"href":"https:\/\/sfe-trade.com\/bg\/wp-json\/wp\/v2\/pages\/648\/revisions"}],"predecessor-version":[{"id":7231,"href":"https:\/\/sfe-trade.com\/bg\/wp-json\/wp\/v2\/pages\/648\/revisions\/7231"}],"wp:featuredmedia":[{"embeddable":true,"href":"https:\/\/sfe-trade.com\/bg\/wp-json\/wp\/v2\/media\/5142"}],"wp:attachment":[{"href":"https:\/\/sfe-trade.com\/bg\/wp-json\/wp\/v2\/media?parent=648"}],"curies":[{"name":"wp","href":"https:\/\/api.w.org\/{rel}","templated":true}]}}